{"id":1331,"date":"2023-05-25T15:48:58","date_gmt":"2023-05-25T15:48:58","guid":{"rendered":"https:\/\/consilium-medicum.lv\/?page_id=1331"},"modified":"2023-07-27T09:06:13","modified_gmt":"2023-07-27T09:06:13","slug":"privacy-policy","status":"publish","type":"page","link":"https:\/\/consilium-medicum.lv\/ru\/privacy-policy\/","title":{"rendered":"\u041f\u043e\u043b\u0438\u0442\u0438\u043a\u0430 \u043a\u043e\u043d\u0444\u0438\u0434\u0435\u043d\u0446\u0438\u0430\u043b\u044c\u043d\u043e\u0441\u0442\u0438"},"content":{"rendered":"\t\t<div data-elementor-type=\"wp-page\" data-elementor-id=\"1331\" class=\"elementor elementor-1331\" data-elementor-post-type=\"page\">\n\t\t\t\t\t\t<section class=\"elementor-section elementor-top-section elementor-element elementor-element-0708cfc elementor-section-boxed elementor-section-height-default elementor-section-height-default\" data-id=\"0708cfc\" data-element_type=\"section\">\n\t\t\t\t\t\t<div class=\"elementor-container elementor-column-gap-default\">\n\t\t\t\t\t<div class=\"elementor-column elementor-col-100 elementor-top-column elementor-element elementor-element-a8a452f\" data-id=\"a8a452f\" data-element_type=\"column\">\n\t\t\t<div class=\"elementor-widget-wrap elementor-element-populated\">\n\t\t\t\t\t\t<div class=\"elementor-element elementor-element-5182545 elementor-widget elementor-widget-text-editor\" data-id=\"5182545\" data-element_type=\"widget\" data-widget_type=\"text-editor.default\">\n\t\t\t\t<div class=\"elementor-widget-container\">\n\t\t\t\t\t\t\t\t\t<p>Datu subjekts ir devis piekri\u0161anu savu personas datu apstr\u0101dei vienam vai vair\u0101kiem konkr\u0113tiem nol\u016bkiem;<\/p>\n<p>Apstr\u0101de ir vajadz\u012bga l\u012bguma, kura l\u012bgumsl\u0113dz\u0113ja puse ir datu subjekts, izpildei vai pas\u0101kumu veik\u0161anai p\u0113c datu subjekta piepras\u012bjuma pirms l\u012bguma nosl\u0113g\u0161anas;<\/p>\n<p>Apstr\u0101de ir vajadz\u012bga, lai izpild\u012btu uz p\u0101rzini attiecin\u0101mu juridisku pien\u0101kumu;<\/p>\n<p>Apstr\u0101de ir vajadz\u012bga p\u0101rzi\u0146a vai tre\u0161\u0101s personas le\u0123it\u012bmo intere\u0161u iev\u0113ro\u0161anai, iz\u0146emot, ja datu subjekta intereses vai pamatties\u012bbas un pamatbr\u012bv\u012bbas, kur\u0101m nepiecie\u0161ama personas datu aizsardz\u012bba, ir svar\u012bg\u0101kas par \u0161\u0101d\u0101m interes\u0113m, jo \u012bpa\u0161i, ja datu subjekts ir b\u0113rns.<\/p>\n<p>Komerci\u0101lie pazi\u0146ojumiViens no klientu personas datu apstr\u0101des m\u0113r\u0137iem, saska\u0146\u0101 ar \u0161o Noteikumu 3. punkta c) apak\u0161punktu, ir komerci\u0101lo pazi\u0146ojumu s\u016bt\u012b\u0161ana klientiem izmantojot \u012bszi\u0146as, zi\u0146ojumus lietotn\u0113s (k\u0101, piem., Whatsapp, Messenger un\/ vai tml.) un\/ vai e-pastus.<\/p>\n<p>M\u0113s pied\u0101v\u0101jam iesp\u0113ju vietnes lietot\u0101jam piekrist personas datu apstr\u0101dei un iek\u013cau\u0161anai komerci\u0101lo pazi\u0146ojumu kartot\u0113k\u0101 izmantojot atsevi\u0161\u0137u logu, kas par\u0101d\u0101s pirms pas\u016bt\u012bjuma veik\u0161anas. Ja lietot\u0101js ar \u0137eks\u012bti ir atz\u012bm\u0113jis, ka v\u0113las sa\u0146emt \u012bpa\u0161os pied\u0101v\u0101jumus no SIA Consilium Medicum tad vi\u0146a dati tiek iek\u013cauti kartot\u0113k\u0101 un apstr\u0101d\u0101ti l\u012bdz br\u012bdim, kad lietot\u0101js savu piekri\u0161anu atsauc.<\/p>\n<p>Klientiem ir ties\u012bbas jebkur\u0101 laik\u0101 atteikties no komerci\u0101lo pazi\u0146ojumu un atg\u0101din\u0101jumu sa\u0146em\u0161anas, nos\u016btot atteikuma pazi\u0146ojumu uz e-pasta adresi info@conmed.lv, piezvanot uz t\u0101lruni&nbsp;+371 29 804 940&nbsp;vai nospie\u017eot uz saites, kas ir pieejama katra pazi\u0146ojuma\/ e-pasta apak\u0161\u0101.<\/p><p>6.&nbsp;<span style=\"font-style: inherit; font-weight: inherit; background-color: var(--ast-global-color-5); color: var(--ast-global-color-3);\">Personas datu sa\u0146\u0113m\u0113ji<\/span><\/p>\n<p>M\u0113s izmantojam tre\u0161o personu sniegtos pakalpojumus, kas mums pal\u012bdz veikt un administr\u0113t komercdarb\u012bbu. T\u0101s ir t\u0101das tre\u0161\u0101s personas k\u0101 kred\u012btiest\u0101des saist\u012bb\u0101 ar veicamajiem nor\u0113\u0137iniem; m\u016bsu inform\u0101cijas tehnolo\u0123iju un datu b\u0101zu uztur\u0113t\u0101ji un to administr\u0113\u0161anas pakalpojumu sniedz\u0113ji; m\u0101ko\u0146dato\u0161anas pakalpojumu sniedz\u0113ji; juridisko pakalpojumu, gr\u0101matved\u012bbas un audita pakalpojumu sniedz\u0113ji; par\u0101du piedzi\u0146as uz\u0146\u0113mumi; tre\u0161\u0101s personas, ar kuru pal\u012bdz\u012bbu m\u0113s izs\u016bt\u0101m komerci\u0101lus un cita veida pazi\u0146ojumus un inform\u0101ciju, veicam telefonsarunu ierakstus m\u016bsu zvanu centr\u0101; tre\u0161\u0101s personas, kas m\u016bsu uzdevum\u0101 veic klientu aptaujas un apkopo \u0161o aptauju rezult\u0101tus. Katr\u0101 konkr\u0113t\u0101 gad\u012bjum\u0101 m\u0113s datu apstr\u0101d\u0101t\u0101jam iesniedzam tikai t\u0101du J\u016bsu datu apjomu, k\u0101ds nepiecie\u0161ams attiec\u012bgajam m\u0113r\u0137im un uzdevumam. Dati tiek apstr\u0101d\u0101ti tikai \u0161im m\u0113r\u0137im un uzdevumam, tie tiek aizsarg\u0101ti atbilsto\u0161i Regulas un citu sp\u0113k\u0101 eso\u0161o normat\u012bvo aktu pras\u012bb\u0101m. P\u0113c m\u0113r\u0137a sasnieg\u0161anas vai uzdevuma izpildes J\u016bsu dati tiek neatgriezeniski dz\u0113sti. Consilium Medicum b\u0101ze Sabiedr\u012bba ar ierobe\u017eotu atbild\u012bbu neveic datu nos\u016bt\u012b\u0161anu uz tre\u0161aj\u0101m valst\u012bm. Papildus nor\u0101d\u012btajam, m\u0113s nododam J\u016bsu datus \u0101r\u0113jos normat\u012bvajos aktos paredz\u0113taj\u0101m person\u0101m t\u0101d\u0101 k\u0101rt\u012bb\u0101 un apjom\u0101, k\u0101du paredz attiec\u012bgais normat\u012bvais akts (piem\u0113ram, Valsts ie\u0146\u0113mumu dienestam, ties\u012bbsarg\u0101jo\u0161aj\u0101m iest\u0101d\u0113m, ties\u0101m, u.tml.). M\u0113s varam ar\u012b nodot J\u016bsu datus tre\u0161aj\u0101m person\u0101m normat\u012bvajos aktos paredz\u0113tajos gad\u012bjumos savu le\u0123it\u012bmo intere\u0161u aizsardz\u012bbai (piem\u0113ram, v\u0113r\u0161oties pret klientu ties\u0101 par par\u0101da piedzi\u0146u, u.tml.)<\/p>\n<p>Personas datu glab\u0101\u0161anas ilgums<br>M\u0113s uzglab\u0101jam J\u016bsu datus ne ilg\u0101k, k\u0101 tas nepiecie\u0161ams to apstr\u0101des nol\u016bkiem. Dati tiek glab\u0101ti tik ilgi, kam\u0113r:- ir sp\u0113k\u0101 starp mums pan\u0101kt\u0101 vieno\u0161an\u0101s vai nosl\u0113gtais l\u012bgums, un kam\u0113r k\u0101da no vieno\u0161an\u0101s vai l\u012bguma pus\u0113m var realiz\u0113t savas le\u0123it\u012bm\u0101s intereses (piem\u0113ram, iesniegt pretenzijas un pieteikumus, celt pras\u012bbu ties\u0101, u.tml.);- datu apstr\u0101de ir vajadz\u012bga, lai m\u0113s var\u0113tu izpild\u012bt uz mums attiecin\u0101mus juridiskus pien\u0101kumus;- ir sp\u0113k\u0101 J\u016bsu piekri\u0161ana attiec\u012bgai personas datu apstr\u0101dei, ja nepast\u0101v cits likum\u012bgs personas datu apstr\u0101des pamats.P\u0113c tam, kad aug\u0161min\u0113tie apst\u0101k\u013ci izbeidzas, J\u016bsu personas dati tiek neatgriezeniski dz\u0113sti.<\/p>\n<p>Datu dro\u0161\u012bba M\u0113s zin\u0101m, ka J\u016bs personas datus sniedzat labtic\u012bgi un r\u0113\u0137in\u0101ties, ka tie tiks uzraudz\u012bti. T\u0101d\u0113\u013c m\u0113s J\u016bsu personas datu dro\u0161\u012bbu uztveram ar lielu atbild\u012bbas saj\u016btu. M\u0113s esam veiku\u0161i pas\u0101kumus, lai nodro\u0161in\u0101tu, ka m\u016bsu sist\u0113mas nodro\u0161ina atbilsto\u0161u personas datu aizsardz\u012bbu. M\u0113s izmantojam da\u017e\u0101das personas datu uzglab\u0101\u0161anas dro\u0161\u012bbu nodro\u0161ino\u0161as tehnolo\u0123ijas un proced\u016bras, lai aizsarg\u0101tu J\u016bsu personas datus no nelikum\u012bgas piek\u013cuves, izmanto\u0161anas vai atkl\u0101\u0161anas. Tom\u0113r, l\u016bdzam \u0146emt v\u0113r\u0101, ka nevienai datu p\u0101rraidei internet\u0101 nevar tikt garant\u0113ta 100% dro\u0161\u012bba. L\u016bdzam katr\u0101 atsevi\u0161\u0137\u0101 gad\u012bjum\u0101 patst\u0101v\u012bgi izv\u0113rt\u0113t ar inform\u0101cijas konfidencialit\u0101ti saist\u012btos riskus, kas Jums b\u016bs j\u0101uz\u0146emas, ja izlemsiet jebk\u0101du personas datus saturo\u0161u inform\u0101ciju mums nodot ar interneta starpniec\u012bbu.9. J\u016bsu ties\u012bbasRegula paredz virkni ties\u012bbu, kuras J\u016bs varat jebkur\u0101 br\u012bd\u012b izmantot, v\u0113r\u0161oties pie mums. M\u0113s ap\u0146emamies nodro\u0161in\u0101t Jums iesp\u0113ju izmantot \u0161\u012bs ties\u012bbas un izpild\u012bt Regul\u0101 un citos normat\u012bvajos aktos paredz\u0113t\u0101s personas datu p\u0101rzi\u0146a vai apstr\u0101d\u0101t\u0101ja saist\u012bbas.Jums ir ties\u012bbas sa\u0146emt no mums apstiprin\u0101jumu par to, vai J\u016bsu dati tiek vai netiek apstr\u0101d\u0101ti, un, ja tie tiek apstr\u0101d\u0101ti piek\u013c\u016bt J\u016bsu datiem un sa\u0146emt par tiem sekojo\u0161u inform\u0101ciju:<\/p>\n<p>datu apstr\u0101des nol\u016bki;<\/p>\n<p>personas datu kategorijas;<\/p>\n<p>personas datu sa\u0146\u0113m\u0113ji;<\/p>\n<p>personas datu glab\u0101\u0161anas ilgums vai krit\u0113riji, p\u0113c kuriem tiek noteikts glab\u0101\u0161anas ilgums.<\/p>\n<p>Jums ir ties\u012bbas piepras\u012bt mums savu datu labo\u0161anu, ja tie ir neprec\u012bzi.Jums ir ties\u012bbas pras\u012bt savu datu dz\u0113\u0161anu, un m\u0113s izpild\u012bsim \u0161o pras\u012bbu 10 dienu laik\u0101, ja past\u0101v\u0113s vismaz viens no sekojo\u0161iem nosac\u012bjumiem:- dati vairs nav nepiecie\u0161ami saist\u012bb\u0101 ar nol\u016bkiem, k\u0101dos tie tika v\u0101kti vai cit\u0101di apstr\u0101d\u0101ti;- J\u016bs atsaucat savu piekri\u0161anu datu apstr\u0101dei, un ja nav cita likum\u012bga pamata to apstr\u0101dei;- ja datu apstr\u0101de ir pamatota ar m\u016bsu vai tre\u0161\u0101s personas le\u0123it\u012bmu intere\u0161u iev\u0113ro\u0161anu, apstr\u0101dei nav nek\u0101da svar\u012bg\u0101ka le\u0123it\u012bma pamata;- J\u016bs iebilstat pret savu datu apstr\u0101di tie\u0161\u0101s tirgved\u012bbas vajadz\u012bb\u0101m;- ja dati ir tiku\u0161i apstr\u0101d\u0101ti nelikum\u012bgi;- lai nodro\u0161in\u0101tu juridiska pien\u0101kuma izpildi, kas mums noteikts normat\u012bvajos aktos;- ja J\u016bsu dati tika v\u0101kti saist\u012bb\u0101 ar inform\u0101cijas sabiedr\u012bbas pakalpojumu pied\u0101v\u0101\u0161anu.Jums ir ties\u012bbas pras\u012bt, lai m\u0113s ierobe\u017eojam J\u016bsu datu apstr\u0101di. M\u0113s bez kav\u0113\u0161an\u0101s izpild\u012bsim \u0161o pras\u012bbu, ja past\u0101v\u0113s vismaz viens no sekojo\u0161iem apst\u0101k\u013ciem:- ja J\u016bs apstr\u012bdat datu precizit\u0101ti \u2013 uz laiku, kur\u0101 m\u0113s varam p\u0101rbaud\u012bt J\u016bsu datu precizit\u0101ti;- ja apstr\u0101de ir nelikum\u012bga, bet J\u016bs iebilstat pret datu dz\u0113\u0161anu un t\u0101s viet\u0101 piepras\u0101t datu izmanto\u0161anas ierobe\u017eo\u0161anu;- mums J\u016bsu dati vairs nav vajadz\u012bgi, bet tie ir nepiecie\u0161ami Jums, lai celtu, \u012bstenotu vai aizst\u0101v\u0113tu likum\u012bgas pras\u012bbas;- J\u016bs esat iebildis pret savu datu apstr\u0101di, kas pamatota ar m\u016bsu vai tre\u0161\u0101s personas le\u0123it\u012bmu intere\u0161u iev\u0113ro\u0161anu, kam\u0113r nav p\u0101rbaud\u012bts, vai m\u016bsu le\u0123it\u012bmie iemesli nav svar\u012bg\u0101ki par J\u016bsu le\u0123it\u012bmajiem iemesliem.Jums ir ties\u012bbas, balstoties uz iemesliem saist\u012bb\u0101 ar savu \u012bpa\u0161o situ\u0101ciju, jebkur\u0101 laik\u0101 iebilst pret savu personas datu apstr\u0101di, kas pamatota ar m\u016bsu vai tre\u0161\u0101s personas le\u0123it\u012bmo intere\u0161u iev\u0113ro\u0161anu. \u0160\u0101d\u0101 gad\u012bjum\u0101 m\u0113s J\u016bsu datus vairs neapstr\u0101d\u0101sim, iz\u0146emot, ja nor\u0101d\u012bsim uz p\u0101rliecino\u0161iem le\u0123it\u012bmiem apstr\u0101des iemesliem, kas ir svar\u012bg\u0101ki par datu subjekta interes\u0113m, ties\u012bb\u0101m un br\u012bv\u012bb\u0101m, vai lai celtu, \u012bstenotu vai aizst\u0101v\u0113tu likum\u012bgas pras\u012bbas.Ja J\u016bs uzskat\u0101t, ka J\u016bsu personas dati tiek apstr\u0101d\u0101ti pretlikum\u012bgi, nepamatoti, vai to apstr\u0101de k\u0101 cit\u0101di p\u0101rk\u0101pj Regulas vai citu normat\u012bvo aktu pras\u012bbas, vai Jums ir k\u0101das neskaidr\u012bbas vai jaut\u0101jumi par savu personas datu apstr\u0101di, l\u016bdzam nevilcin\u0101ties un v\u0113rsties pie mums ar attiec\u012bgu pieteikumu, iesniegumu vai s\u016bdz\u012bbu. M\u0113s sniegsim atbildes uz visiem J\u016bs interes\u0113jo\u0161iem jaut\u0101jumiem un nov\u0113rs\u012bsim pie\u013caut\u0101s k\u013c\u016bdas, ja t\u0101das b\u016bs.Ja J\u016bs uzskat\u0101t, ka J\u016bsu personas dati tiek apstr\u0101d\u0101ti pretlikum\u012bgi, nepamatoti, vai to apstr\u0101de k\u0101 cit\u0101di p\u0101rk\u0101pj Regulas vai citu normat\u012bvo aktu pras\u012bbas, Jums ir ties\u012bbas iesniegt s\u016bdz\u012bbu personas datu uzraudz\u012bbas iest\u0101dei atbilsto\u0161i J\u016bsu patst\u0101v\u012bgajai dz\u012bvesvietai.<\/p>\n<p>K\u0101 ar mums sazin\u0101ties<\/p>\n<p>J\u016bs varat ar mums sazin\u0101ties:<\/p>\n<p>elektroniski, izmantojot e-pasta adresi info@conmed.lv vai piezvanot uz t\u0101lruni +371 29 804 940<\/p>\n<p>PIEKRI\u0160ANA S\u012aKDAT\u0145U IZMANTO\u0160ANAI<\/p>\n<p>Lietojot m\u016bsu interneta vietni j\u016bs piekr\u012btat augst\u0101k min\u0113to s\u012bkfailu izmanto\u0161anai un saglab\u0101\u0161anai j\u016bsu ier\u012bc\u0113 nor\u0101d\u012bt\u0101jiem m\u0113r\u0137iem.<\/p>\n<p>J\u016bsu ties\u012bbasJums ir ties\u012bbas piekrist vai nepiekrist s\u012bkdat\u0146u izmanto\u0161anai j\u016bsu ier\u012bc\u0113, ta\u010du, l\u016bdzu, \u0146emiet v\u0113r\u0101, ka, ja j\u016bs nedodat m\u016bsu interneta vietnei Consil ties\u012bbas izmantot s\u012bkdatnes, da\u017eas no m\u016bsu interneta vietnes pied\u0101v\u0101taj\u0101m funkcij\u0101m var b\u016bt da\u013c\u0113ji vai piln\u012bb\u0101 nepieejamas.<\/p>\n<p>S\u012bkdat\u0146u iestat\u012bjumus J\u016bs varat main\u012bt jebkur\u0101 laik\u0101 savas ier\u012bces Interneta p\u0101rl\u016bkprogramm\u0101. Piem\u0113ram, J\u016bs varat atcelt doto piekri\u0161anu s\u012bkdat\u0146u saglab\u0101\u0161anai atz\u012bm\u0113jot sav\u0101 p\u0101rl\u016bkprogramm\u0101 funkciju, kas \u013cauj noraid\u012bt visus s\u012bkdat\u0146u saglab\u0101\u0161anas priek\u0161likumus. \u0160os iestat\u012bjumus J\u016bs varat atrast savas interneta p\u0101rl\u016bkprogrammas izv\u0113ln\u0113s \u201cIesp\u0113jas\u201d vai \u201cPreferences\u201d.<\/p>\n<p>K\u0101 ar mums sazin\u0101ties?J\u016bs varat ar mums sazin\u0101ties:elektroniski, izmantojot e-pasta adresi info@conmed.lv&nbsp;vai piezvanot uz t\u0101lruni&nbsp;<span style=\"background-color: var(--ast-global-color-5); color: var(--ast-global-color-3); font-size: 1rem;\">+371 29 804 940<\/span><\/p>\t\t\t\t\t\t\t\t<\/div>\n\t\t\t\t<\/div>\n\t\t\t\t\t<\/div>\n\t\t<\/div>\n\t\t\t\t\t<\/div>\n\t\t<\/section>\n\t\t\t\t<\/div>\n\t\t","protected":false},"excerpt":{"rendered":"<p>Datu subjekts ir devis piekri\u0161anu savu personas datu apstr\u0101dei vienam vai vair\u0101kiem konkr\u0113tiem nol\u016bkiem; Apstr\u0101de ir vajadz\u012bga l\u012bguma, kura l\u012bgumsl\u0113dz\u0113ja puse ir datu subjekts, izpildei vai pas\u0101kumu veik\u0161anai p\u0113c datu subjekta piepras\u012bjuma pirms l\u012bguma nosl\u0113g\u0161anas; Apstr\u0101de ir vajadz\u012bga, lai izpild\u012btu uz p\u0101rzini attiecin\u0101mu juridisku pien\u0101kumu; Apstr\u0101de ir vajadz\u012bga p\u0101rzi\u0146a vai tre\u0161\u0101s personas le\u0123it\u012bmo intere\u0161u iev\u0113ro\u0161anai, [&hellip;]<\/p>\n <a href=\"https:\/\/consilium-medicum.lv\/ru\/privacy-policy\/\" class=\"my-custom-read-more\">\u0427\u0438\u0442\u0430\u0442\u044c \u0434\u0430\u043b\u0435\u0435<\/a>","protected":false},"author":4,"featured_media":0,"parent":0,"menu_order":0,"comment_status":"closed","ping_status":"closed","template":"","meta":{"_acf_changed":false,"inline_featured_image":false,"site-sidebar-layout":"no-sidebar","site-content-layout":"page-builder","ast-site-content-layout":"default","site-content-style":"default","site-sidebar-style":"default","ast-global-header-display":"","ast-banner-title-visibility":"","ast-main-header-display":"","ast-hfb-above-header-display":"","ast-hfb-below-header-display":"","ast-hfb-mobile-header-display":"","site-post-title":"disabled","ast-breadcrumbs-content":"","ast-featured-img":"disabled","footer-sml-layout":"","ast-disable-related-posts":"","theme-transparent-header-meta":"default","adv-header-id-meta":"","stick-header-meta":"","header-above-stick-meta":"","header-main-stick-meta":"","header-below-stick-meta":"","astra-migrate-meta-layouts":"default","ast-page-background-enabled":"default","ast-page-background-meta":{"desktop":{"background-color":"var(--ast-global-color-4)","background-image":"","background-repeat":"repeat","background-position":"center center","background-size":"auto","background-attachment":"scroll","background-type":"","background-media":"","overlay-type":"","overlay-color":"","overlay-opacity":"","overlay-gradient":""},"tablet":{"background-color":"","background-image":"","background-repeat":"repeat","background-position":"center center","background-size":"auto","background-attachment":"scroll","background-type":"","background-media":"","overlay-type":"","overlay-color":"","overlay-opacity":"","overlay-gradient":""},"mobile":{"background-color":"","background-image":"","background-repeat":"repeat","background-position":"center center","background-size":"auto","background-attachment":"scroll","background-type":"","background-media":"","overlay-type":"","overlay-color":"","overlay-opacity":"","overlay-gradient":""}},"ast-content-background-meta":{"desktop":{"background-color":"var(--ast-global-color-5)","background-image":"","background-repeat":"repeat","background-position":"center center","background-size":"auto","background-attachment":"scroll","background-type":"","background-media":"","overlay-type":"","overlay-color":"","overlay-opacity":"","overlay-gradient":""},"tablet":{"background-color":"var(--ast-global-color-5)","background-image":"","background-repeat":"repeat","background-position":"center center","background-size":"auto","background-attachment":"scroll","background-type":"","background-media":"","overlay-type":"","overlay-color":"","overlay-opacity":"","overlay-gradient":""},"mobile":{"background-color":"var(--ast-global-color-5)","background-image":"","background-repeat":"repeat","background-position":"center center","background-size":"auto","background-attachment":"scroll","background-type":"","background-media":"","overlay-type":"","overlay-color":"","overlay-opacity":"","overlay-gradient":""}},"footnotes":""},"class_list":["post-1331","page","type-page","status-publish","hentry"],"acf":[],"aioseo_notices":[],"_links":{"self":[{"href":"https:\/\/consilium-medicum.lv\/ru\/wp-json\/wp\/v2\/pages\/1331","targetHints":{"allow":["GET"]}}],"collection":[{"href":"https:\/\/consilium-medicum.lv\/ru\/wp-json\/wp\/v2\/pages"}],"about":[{"href":"https:\/\/consilium-medicum.lv\/ru\/wp-json\/wp\/v2\/types\/page"}],"author":[{"embeddable":true,"href":"https:\/\/consilium-medicum.lv\/ru\/wp-json\/wp\/v2\/users\/4"}],"replies":[{"embeddable":true,"href":"https:\/\/consilium-medicum.lv\/ru\/wp-json\/wp\/v2\/comments?post=1331"}],"version-history":[{"count":0,"href":"https:\/\/consilium-medicum.lv\/ru\/wp-json\/wp\/v2\/pages\/1331\/revisions"}],"wp:attachment":[{"href":"https:\/\/consilium-medicum.lv\/ru\/wp-json\/wp\/v2\/media?parent=1331"}],"curies":[{"name":"wp","href":"https:\/\/api.w.org\/{rel}","templated":true}]}}